{"id":119,"date":"2026-02-18T09:06:53","date_gmt":"2026-02-18T08:06:53","guid":{"rendered":"https:\/\/eartphoto.synology.me\/archiv\/?page_id=119"},"modified":"2026-04-24T20:30:52","modified_gmt":"2026-04-24T18:30:52","slug":"3d","status":"publish","type":"page","link":"https:\/\/eartphoto.synology.me\/archiv\/?page_id=119","title":{"rendered":"3D"},"content":{"rendered":"\t\t<div data-elementor-type=\"wp-page\" data-elementor-id=\"119\" class=\"elementor elementor-119\">\n\t\t\t\t<div class=\"elementor-element elementor-element-8dcc6e4 e-flex e-con-boxed e-con e-parent\" data-id=\"8dcc6e4\" data-element_type=\"container\" data-e-type=\"container\">\n\t\t\t\t\t<div class=\"e-con-inner\">\n\t\t<div class=\"elementor-element elementor-element-f902fd6 e-con-full e-flex e-con e-child\" data-id=\"f902fd6\" data-element_type=\"container\" data-e-type=\"container\">\n\t\t\t\t<div class=\"elementor-element elementor-element-87b6a85 elementor-widget elementor-widget-text-editor\" data-id=\"87b6a85\" data-element_type=\"widget\" data-e-type=\"widget\" data-widget_type=\"text-editor.default\">\n\t\t\t\t\t\t\t\t\t<h6>Projekt W\u00e4rmespeicher im HKW in Hamburg<\/h6><p><a href=\"https:\/\/eartphoto.synology.me\/archiv\/?page_id=323\">LINK ZUM 3D-OBJEKT\u00a0 (GLB MIT CA. 130 MB)<\/a><\/p>\t\t\t\t\t\t\t\t<\/div>\n\t\t\t\t<\/div>\n\t\t<div class=\"elementor-element elementor-element-cc826d7 e-con-full e-flex e-con e-child\" data-id=\"cc826d7\" data-element_type=\"container\" data-e-type=\"container\">\n\t\t\t\t<div class=\"elementor-element elementor-element-9dc941f elementor-widget elementor-widget-image\" data-id=\"9dc941f\" data-element_type=\"widget\" data-e-type=\"widget\" data-widget_type=\"image.default\">\n\t\t\t\t\t\t\t\t\t\t\t\t\t\t\t\t<a href=\"https:\/\/eartphoto.synology.me\/archiv\/?page_id=323\">\n\t\t\t\t\t\t\t<img decoding=\"async\" src=\"https:\/\/eartphoto.synology.me\/archiv\/wp-content\/uploads\/elementor\/thumbs\/TIEFSTACKVORSCHAUBILD-rjbsuvo5c9kv6gmeo8xsaq5own49wjwxqnya0lf44g.jpg\" title=\"TIEFSTACKVORSCHAUBILD\" alt=\"TIEFSTACKVORSCHAUBILD\" loading=\"lazy\" \/>\t\t\t\t\t\t\t\t<\/a>\n\t\t\t\t\t\t\t\t\t\t\t\t\t\t\t<\/div>\n\t\t\t\t<\/div>\n\t\t\t\t\t<\/div>\n\t\t\t\t<\/div>\n\t\t<div class=\"elementor-element elementor-element-5ea6251 e-flex e-con-boxed e-con e-parent\" data-id=\"5ea6251\" data-element_type=\"container\" data-e-type=\"container\">\n\t\t\t\t\t<div class=\"e-con-inner\">\n\t\t<div class=\"elementor-element elementor-element-d87f73a e-con-full e-flex e-con e-child\" data-id=\"d87f73a\" data-element_type=\"container\" data-e-type=\"container\">\n\t\t\t\t<div class=\"elementor-element elementor-element-5774f5a elementor-widget elementor-widget-text-editor\" data-id=\"5774f5a\" data-element_type=\"widget\" data-e-type=\"widget\" data-widget_type=\"text-editor.default\">\n\t\t\t\t\t\t\t\t\t<h6>Projekt W\u00e4rmespeicher im HKW in D\u00e4nemark<\/h6><p><a href=\"https:\/\/eartphoto.synology.me\/archiv\/?page_id=29\">LINK ZUM 3D-OBJEKT (ca. 140 MB)<\/a><\/p>\t\t\t\t\t\t\t\t<\/div>\n\t\t\t\t<\/div>\n\t\t<div class=\"elementor-element elementor-element-faace2e e-con-full e-flex e-con e-child\" data-id=\"faace2e\" data-element_type=\"container\" data-e-type=\"container\">\n\t\t\t\t<div class=\"elementor-element elementor-element-871eb85 elementor-widget elementor-widget-image\" data-id=\"871eb85\" data-element_type=\"widget\" data-e-type=\"widget\" data-widget_type=\"image.default\">\n\t\t\t\t\t\t\t\t\t\t\t\t\t\t\t\t<a href=\"https:\/\/eartphoto.synology.me\/archiv\/?page_id=29\">\n\t\t\t\t\t\t\t<img decoding=\"async\" src=\"https:\/\/eartphoto.synology.me\/archiv\/wp-content\/uploads\/elementor\/thumbs\/WSP_DAENEMARK_VORSCHAUBILD-rjbt5bnl9zvk6hg9orgk03a2irn3fhdkicwhz9xmzk.jpg\" title=\"WSP_DAENEMARK_VORSCHAUBILD\" alt=\"WSP_DAENEMARK_VORSCHAUBILD\" loading=\"lazy\" \/>\t\t\t\t\t\t\t\t<\/a>\n\t\t\t\t\t\t\t\t\t\t\t\t\t\t\t<\/div>\n\t\t\t\t<\/div>\n\t\t\t\t\t<\/div>\n\t\t\t\t<\/div>\n\t\t<div class=\"elementor-element elementor-element-d41c66d e-flex e-con-boxed e-con e-parent\" data-id=\"d41c66d\" data-element_type=\"container\" data-e-type=\"container\">\n\t\t\t\t\t<div class=\"e-con-inner\">\n\t\t<div class=\"elementor-element elementor-element-8310d4c e-con-full e-flex e-con e-child\" data-id=\"8310d4c\" data-element_type=\"container\" data-e-type=\"container\">\n\t\t\t\t<div class=\"elementor-element elementor-element-b24cd58 elementor-widget elementor-widget-text-editor\" data-id=\"b24cd58\" data-element_type=\"widget\" data-e-type=\"widget\" data-widget_type=\"text-editor.default\">\n\t\t\t\t\t\t\t\t\t<h6>Projekt W\u00e4rmespeicher HKW Graz<\/h6><p><a href=\"https:\/\/eartphoto.synology.me\/archiv\/?page_id=260\">LINK ZUM 3D-OBJEKT (CA. 180 MB)<\/a><\/p>\t\t\t\t\t\t\t\t<\/div>\n\t\t\t\t<\/div>\n\t\t<div class=\"elementor-element elementor-element-b175f10 e-con-full e-flex e-con e-child\" data-id=\"b175f10\" data-element_type=\"container\" data-e-type=\"container\">\n\t\t\t\t<div class=\"elementor-element elementor-element-0a858a2 elementor-widget elementor-widget-image\" data-id=\"0a858a2\" data-element_type=\"widget\" data-e-type=\"widget\" data-widget_type=\"image.default\">\n\t\t\t\t\t\t\t\t\t\t\t\t\t\t\t\t<a href=\"https:\/\/eartphoto.synology.me\/archiv\/?page_id=260\">\n\t\t\t\t\t\t\t<img decoding=\"async\" src=\"https:\/\/eartphoto.synology.me\/archiv\/wp-content\/uploads\/elementor\/thumbs\/vorschau3D-Graz-rk3j23gr8k6jt4pr8xyk83lgr10dnj8eph1egtwza8.jpg\" title=\"vorschau3D-Graz\" alt=\"vorschau3D-Graz\" loading=\"lazy\" \/>\t\t\t\t\t\t\t\t<\/a>\n\t\t\t\t\t\t\t\t\t\t\t\t\t\t\t<\/div>\n\t\t\t\t<\/div>\n\t\t\t\t\t<\/div>\n\t\t\t\t<\/div>\n\t\t<div class=\"elementor-element elementor-element-765b221 e-flex e-con-boxed e-con e-parent\" data-id=\"765b221\" data-element_type=\"container\" data-e-type=\"container\">\n\t\t\t\t\t<div class=\"e-con-inner\">\n\t\t<div class=\"elementor-element elementor-element-d630eff e-con-full e-flex e-con e-child\" data-id=\"d630eff\" data-element_type=\"container\" data-e-type=\"container\">\n\t\t\t\t<div class=\"elementor-element elementor-element-94ae336 elementor-widget elementor-widget-text-editor\" data-id=\"94ae336\" data-element_type=\"widget\" data-e-type=\"widget\" data-widget_type=\"text-editor.default\">\n\t\t\t\t\t\t\t\t\t<h6>Bau WSP HKW Reuter West<\/h6><p><a href=\"https:\/\/eartphoto.synology.me\/archiv\/?page_id=378\">LINK ZUM 3D-OBJEKT (CA. 90 MB)<\/a><\/p>\t\t\t\t\t\t\t\t<\/div>\n\t\t\t\t<\/div>\n\t\t<div class=\"elementor-element elementor-element-ab41f1a e-con-full e-flex e-con e-child\" data-id=\"ab41f1a\" data-element_type=\"container\" data-e-type=\"container\">\n\t\t\t\t<div class=\"elementor-element elementor-element-7b737ef elementor-widget elementor-widget-image\" data-id=\"7b737ef\" data-element_type=\"widget\" data-e-type=\"widget\" data-widget_type=\"image.default\">\n\t\t\t\t\t\t\t\t\t\t\t\t\t\t\t\t<a href=\"https:\/\/eartphoto.synology.me\/archiv\/?page_id=378\">\n\t\t\t\t\t\t\t<img decoding=\"async\" src=\"https:\/\/eartphoto.synology.me\/archiv\/wp-content\/uploads\/elementor\/thumbs\/Bildschirmfoto-2026-04-20-um-13.18.43-rma77tu5jqmqdbf4p8fhdx5wqmbofhd49e8hry63z4.png\" title=\"Bildschirmfoto 2026-04-20 um 13.18.43\" alt=\"Bildschirmfoto 2026-04-20 um 13.18.43\" loading=\"lazy\" \/>\t\t\t\t\t\t\t\t<\/a>\n\t\t\t\t\t\t\t\t\t\t\t\t\t\t\t<\/div>\n\t\t\t\t<\/div>\n\t\t\t\t\t<\/div>\n\t\t\t\t<\/div>\n\t\t\t\t<\/div>\n\t\t","protected":false},"excerpt":{"rendered":"<p>Projekt W\u00e4rmespeicher im HKW in Hamburg LINK ZUM 3D-OBJEKT\u00a0 (GLB MIT CA. 130 MB) Projekt W\u00e4rmespeicher im HKW in D\u00e4nemark LINK ZUM 3D-OBJEKT (ca. 140 MB) Projekt W\u00e4rmespeicher HKW Graz LINK ZUM 3D-OBJEKT (CA. 180 MB) Bau WSP HKW Reuter West LINK ZUM 3D-OBJEKT (CA. 90 MB)<\/p>\n","protected":false},"author":1,"featured_media":0,"parent":0,"menu_order":0,"comment_status":"closed","ping_status":"closed","template":"elementor_header_footer","meta":{"footnotes":""},"class_list":["post-119","page","type-page","status-publish","hentry"],"_links":{"self":[{"href":"https:\/\/eartphoto.synology.me\/archiv\/index.php?rest_route=\/wp\/v2\/pages\/119","targetHints":{"allow":["GET"]}}],"collection":[{"href":"https:\/\/eartphoto.synology.me\/archiv\/index.php?rest_route=\/wp\/v2\/pages"}],"about":[{"href":"https:\/\/eartphoto.synology.me\/archiv\/index.php?rest_route=\/wp\/v2\/types\/page"}],"author":[{"embeddable":true,"href":"https:\/\/eartphoto.synology.me\/archiv\/index.php?rest_route=\/wp\/v2\/users\/1"}],"replies":[{"embeddable":true,"href":"https:\/\/eartphoto.synology.me\/archiv\/index.php?rest_route=%2Fwp%2Fv2%2Fcomments&post=119"}],"version-history":[{"count":41,"href":"https:\/\/eartphoto.synology.me\/archiv\/index.php?rest_route=\/wp\/v2\/pages\/119\/revisions"}],"predecessor-version":[{"id":504,"href":"https:\/\/eartphoto.synology.me\/archiv\/index.php?rest_route=\/wp\/v2\/pages\/119\/revisions\/504"}],"wp:attachment":[{"href":"https:\/\/eartphoto.synology.me\/archiv\/index.php?rest_route=%2Fwp%2Fv2%2Fmedia&parent=119"}],"curies":[{"name":"wp","href":"https:\/\/api.w.org\/{rel}","templated":true}]}}