{"id":70,"date":"2026-02-17T17:23:39","date_gmt":"2026-02-17T16:23:39","guid":{"rendered":"https:\/\/eartphoto.synology.me\/archiv\/?page_id=70"},"modified":"2026-02-17T17:39:40","modified_gmt":"2026-02-17T16:39:40","slug":"impress","status":"publish","type":"page","link":"https:\/\/eartphoto.synology.me\/archiv\/?page_id=70","title":{"rendered":"Impress"},"content":{"rendered":"\t\t<div data-elementor-type=\"wp-page\" data-elementor-id=\"70\" class=\"elementor elementor-70\">\n\t\t\t\t<div class=\"elementor-element elementor-element-0aa64fc e-flex e-con-boxed e-con e-parent\" data-id=\"0aa64fc\" data-element_type=\"container\" data-e-type=\"container\">\n\t\t\t\t\t<div class=\"e-con-inner\">\n\t\t\t\t<div class=\"elementor-element elementor-element-62b281c elementor-widget elementor-widget-text-editor\" data-id=\"62b281c\" data-element_type=\"widget\" data-e-type=\"widget\" data-widget_type=\"text-editor.default\">\n\t\t\t\t\t\t\t\t\t<p>Torsten Elger<br \/>Fotograf+Grafikdesigner+Diplomkulturwissenschaftler<\/p><p><br \/>Choriner Stra\u00dfe 37, 10435 Berlin<br \/>Telefon + 49 (0)30 4499387<br \/>email info (at) elgerart.de<\/p><p>Mitglied der VG Bild Kunst<\/p><p>USt-IdNr.: DE136865280<\/p><p>Rechtshinweis:<br \/>Die Urheberrechte der im Rahmen der Webseite verwendeten Texte und Bildmaterialien liegen ausschlie\u00dflich beim Autor der Webseite. Eine anderweitige Nutzung der Bilder und Texte bedarf der schriftlichen Zustimmung des Autors bzw. der Auftraggeber der Fotoarbeiten. Eine Zuwiderhandlung wird zivilrechtlich verfolgt. F\u00fcr die Inhalte auf verlinkte URLs bzw. auf deren Funtionst\u00fcchtigkeit \u00fcbernimmt der Autor keinerlei Haftung.<\/p><p>Torsten Elger<br \/>Autor<\/p>\t\t\t\t\t\t\t\t<\/div>\n\t\t\t\t\t<\/div>\n\t\t\t\t<\/div>\n\t\t\t\t<\/div>\n\t\t","protected":false},"excerpt":{"rendered":"<p>Torsten ElgerFotograf+Grafikdesigner+Diplomkulturwissenschaftler Choriner Stra\u00dfe 37, 10435 BerlinTelefon + 49 (0)30 4499387email info (at) elgerart.de Mitglied der VG Bild Kunst USt-IdNr.: DE136865280 Rechtshinweis:Die Urheberrechte der im Rahmen der Webseite verwendeten Texte und Bildmaterialien liegen ausschlie\u00dflich beim Autor der Webseite. Eine anderweitige Nutzung der Bilder und Texte bedarf der schriftlichen Zustimmung des &hellip;<\/p>\n","protected":false},"author":1,"featured_media":0,"parent":0,"menu_order":0,"comment_status":"closed","ping_status":"closed","template":"","meta":{"footnotes":""},"class_list":["post-70","page","type-page","status-publish","hentry"],"_links":{"self":[{"href":"https:\/\/eartphoto.synology.me\/archiv\/index.php?rest_route=\/wp\/v2\/pages\/70","targetHints":{"allow":["GET"]}}],"collection":[{"href":"https:\/\/eartphoto.synology.me\/archiv\/index.php?rest_route=\/wp\/v2\/pages"}],"about":[{"href":"https:\/\/eartphoto.synology.me\/archiv\/index.php?rest_route=\/wp\/v2\/types\/page"}],"author":[{"embeddable":true,"href":"https:\/\/eartphoto.synology.me\/archiv\/index.php?rest_route=\/wp\/v2\/users\/1"}],"replies":[{"embeddable":true,"href":"https:\/\/eartphoto.synology.me\/archiv\/index.php?rest_route=%2Fwp%2Fv2%2Fcomments&post=70"}],"version-history":[{"count":4,"href":"https:\/\/eartphoto.synology.me\/archiv\/index.php?rest_route=\/wp\/v2\/pages\/70\/revisions"}],"predecessor-version":[{"id":93,"href":"https:\/\/eartphoto.synology.me\/archiv\/index.php?rest_route=\/wp\/v2\/pages\/70\/revisions\/93"}],"wp:attachment":[{"href":"https:\/\/eartphoto.synology.me\/archiv\/index.php?rest_route=%2Fwp%2Fv2%2Fmedia&parent=70"}],"curies":[{"name":"wp","href":"https:\/\/api.w.org\/{rel}","templated":true}]}}