{"id":72,"date":"2026-02-17T17:23:39","date_gmt":"2026-02-17T16:23:39","guid":{"rendered":"https:\/\/eartphoto.synology.me\/archiv\/?page_id=72"},"modified":"2026-02-17T17:37:06","modified_gmt":"2026-02-17T16:37:06","slug":"agb","status":"publish","type":"page","link":"https:\/\/eartphoto.synology.me\/archiv\/?page_id=72","title":{"rendered":"AGB"},"content":{"rendered":"\t\t<div data-elementor-type=\"wp-page\" data-elementor-id=\"72\" class=\"elementor elementor-72\">\n\t\t\t\t<div class=\"elementor-element elementor-element-c36c65e e-flex e-con-boxed e-con e-parent\" data-id=\"c36c65e\" data-element_type=\"container\" data-e-type=\"container\">\n\t\t\t\t\t<div class=\"e-con-inner\">\n\t\t\t\t<div class=\"elementor-element elementor-element-36ff6d7 elementor-widget elementor-widget-text-editor\" data-id=\"36ff6d7\" data-element_type=\"widget\" data-e-type=\"widget\" data-widget_type=\"text-editor.default\">\n\t\t\t\t\t\t\t\t\t<h6>Allgemeine Gesch\u00e4ftsbedingungen<\/h6>\n<ol>\n<li><strong> Geltung der Gesch\u00e4ftsbedingungen<\/strong><\/li>\n<\/ol>\n<p>1.1. Die Produktion von Bildern und die Erteilung von Bildlizenzen erfolgt ausschlie\u00dflich aufgrund nachstehender Gesch\u00e4ftsbedingungen (AGB). Diese Bedingungen gelten auch f\u00fcr alle k\u00fcnftigen Produktions- und Lizenzvertr\u00e4ge, sofern nicht ausdr\u00fccklich abweichende Regelungen vereinbart werden.<\/p>\n<p>1.2. Gesch\u00e4ftsbedingungen des Auftraggebers, die von den nachstehenden Bedingungen abweichen, werden nicht anerkannt. Solche abweichenden Gesch\u00e4ftsbedingungen werden auch dann nicht Vertragsinhalt, wenn der Bildautor ihnen nicht ausdr\u00fccklich widerspricht.<\/p>\n<p>1.3. Die Bildnutzung bzw. die \u00dcbertragung von Nutzungsrechten erfolgt nur an Firmen, Verlage, Agenturen und Institutionen. An Privatpersonen (Consumer) werde diese Rechte nicht vergeben bzw. sie k\u00f6nnen diese Rechte auch nicht erwerben.<\/p>\n<p>1.4. Ebenso ausgeschlossen von den nachfolgenden Leistungen sind, Firmen, Organisationen; Medien oder Personengruppen:<\/p>\n<p>\u2013 welche den allgemein g\u00fcltigen ethischen Grunds\u00e4tzen unserer Gesellschaft wiedersprechen,<br>\u2013 gewaltverherrlichende Darstellungen propagieren.<br>\u2013 oder Personen bzw. Personengruppen aus rassistischen oder ethnischen Gr\u00fcnden diskreditieren.<\/p>\n<ol start=\"2\">\n<li><strong> Produktionsauftr\u00e4ge<\/strong><\/li>\n<\/ol>\n<p>2.1. Kostenvoranschl\u00e4ge des Bildautors sind unverbindlich. Kostenerh\u00f6hungen braucht der Bildautor nur anzuzeigen, wenn eine \u00dcberschreitung der urspr\u00fcnglich veranschlagten Gesamtkosten um mehr als 15% zu erwarten ist.<\/p>\n<p>2.2. Der Auftraggeber darf dem Bildautor f\u00fcr die Aufnahmearbeiten nur solche Objekte und Vorlagen \u00fcberlassen, zu deren Verwendung er berechtigt ist und die frei sind von Rechten Dritter. Der Auftraggeber hat den Bildautor von Ersatzanspr\u00fcchen Dritter freizustellen, die aus der Verletzung dieser Pflicht resultiert.<\/p>\n<p>2.3. Muss bei der Auftragsabwicklung die Leistung eines Dritten in Anspruch genommen oder ein sonstiger Vertrag mit Dritten abgeschlossen werden, ist der Bildautor bevollm\u00e4chtigt, die entsprechenden Verpflichtungen im Namen und f\u00fcr die Rechnung des Auftraggebers einzugehen.<\/p>\n<p>2.4. Der Bildautor w\u00e4hlt die Bilder aus, die er dem Auftraggeber bei Abschluss der Produktion zur Abnahme vorlegt. Nutzungsrechte werden nur an den Bildern einger\u00e4umt, die der Auftraggeber als vertragsm\u00e4\u00dfig abnimmt.<\/p>\n<p>2.5. M\u00e4ngelr\u00fcgen m\u00fcssen schriftlich erfolgen und sp\u00e4testens zwei Wochen nach der Ablieferung der Bilder bei dem Bildautor eingegangen sein. Nach Ablauf dieser Frist gelten die Bilder als vertragsm\u00e4\u00dfig und m\u00e4ngelfrei abgenommen.<\/p>\n<p>2.6. Werden vom Bildautor gelieferte Bilder vom Auftraggeber f\u00fcr die Layouterstellung, Pr\u00e4sentation oder konzeptionelle Arbeit eingesetzt, so gelten die Bilder als verwendet.<br>Sollten diese Bilder f\u00fcr das jeweilige Endprodukt vom Auftraggeber nicht verwendet werden oder der Auftrag vom Auftraggeber storniert werden, f\u00e4llt damit ein Layoutnutzungshonrar an. Die H\u00f6he des Layoutnutzungshonorares &nbsp;liegt pro Bild&nbsp;bei 1\/3 des f\u00fcr die Bildproduktion angebotenen Honorars, mindestens jedoch 105 Euro pro Bild.<\/p>\n<ol start=\"3\">\n<li><strong> Produktionshonorar und Nebenkosten<\/strong><\/li>\n<\/ol>\n<p>3.1. Wird die f\u00fcr die Aufnahmearbeiten vorgesehene Zeit aus Gr\u00fcnden, die der Bildautor nicht zu vertreten hat, wesentlich \u00fcberschritten, so ist ein vereinbartes Pauschalhonorar entsprechend zu erh\u00f6hen. Ist ein Zeithonorar vereinbart, so erh\u00e4lt der Bildautor auch f\u00fcr die Zeit, um die sich die Aufnahmearbeiten verl\u00e4ngern, den vereinbarten Stunden- oder Tagessatz.<\/p>\n<p>3.2. Der Auftraggeber hat zus\u00e4tzlich zu dem geschuldeten Honorar die Nebenkosten zu erstatten, die dem Bildautor im Zusammenhang mit der Auftragsdurchf\u00fchrung entstehen (z.B. f\u00fcr Rentkosten, Laborarbeiten, Fotomodelle, Reisen).<\/p>\n<p>3.3. Das Produktionshonorar ist bei Ablieferung der Bilder f\u00e4llig. Wird eine Bildproduktion in Teilen abgeliefert, ist das entsprechende Teilhonorar jeweils bei Ablieferung eines Teils f\u00e4llig. Erstreckt sich die Ausf\u00fchrung eines Auftrags \u00fcber einen l\u00e4ngeren Zeitraum, kann der Bildautor Abschlagszahlungen entsprechend dem erbrachten Arbeitsaufwand verlangen.<\/p>\n<p>3.4. Die zu \u00fcbertragenden Nutzungsrechte erwirbt der Auftraggeber erst mit der vollst\u00e4ndigen Bezahlung des Honorars und der Erstattung s\u00e4mtlicher Nebenkosten.<\/p>\n<ol start=\"4\">\n<li><strong> Anforderung von Archivbildern<\/strong><\/li>\n<\/ol>\n<p>4.1. Bilder, die der Auftraggeber aus dem Archiv des Bildautors anfordert, werden zur Sichtung und Auswahl online zur Verf\u00fcgung gestellt. Der Download ist nur f\u00fcr registrierte Nutzer erlaubt und wird protokolliert.<\/p>\n<p>4.2. Mit der \u00dcberlassung der Bilder zur Sichtung und Auswahl werden keine Nutzungsrechte \u00fcbertragen. Jede Nutzung bedarf einer vorherigen schriftlichen Freigabeerkl\u00e4rung des Bildautors.<\/p>\n<p>4.3. F\u00fcr die Zusammenstellung der Bildauswahl kann der Bildautor eine Bearbeitungsgeb\u00fchr berechnen, die sich nach Art und Umfang des entstandenen Aufwandes bemisst und mindestens 50,00 Euro betr\u00e4gt. Eventuell zus\u00e4tzliche Versandkosten (Verpackung, Porto) einschlie\u00dflich der Kosten f\u00fcr besondere Versandarten (Taxi, Luftfracht, Eilboten) hat der Auftraggeber zus\u00e4tzlich zu erstatten.<\/p>\n<p>4.4. Eine Blockierung von Bildern ist nicht m\u00f6glich.<\/p>\n<ol start=\"5\">\n<li><strong> Nutzungsrechte<\/strong><\/li>\n<\/ol>\n<p>5.1. Der Auftraggeber erwirbt an den Bildern nur Nutzungsrechte in dem vertraglich festgelegten Umfang. Eigentumsrechte werden nicht \u00fcbertragen. Ungeachtet des Umfangs der im Einzelfall einger\u00e4umten Nutzungsrechte bleibt der Bildautor berechtigt, die Bildern im Rahmen seiner Eigenwerbung zu verwenden.<\/p>\n<p>5.2. Die \u00dcbertragung und Einr\u00e4umung der vom Auftraggeber erworbenen Nutzungsrechte an Dritte, auch an andere Redaktionen eines Verlags, bedarf der schriftlichen Zustimmung des Bildautors.<\/p>\n<p>5.3. Eine Nutzung der Bilder ist grunds\u00e4tzlich nur in der Originalfassung zul\u00e4ssig. Jede \u00c4nderung oder Umgestaltung (z.B. Montage, fototechnische Verfremdung, Colorierung) und jede Ver\u00e4nderung bei der Bildwiedergabe (z.B. Ver\u00f6ffentlichung in Ausschnitten) bedarf der vorherigen Zustimmung des Bildautors. Hiervon ausgenommen ist lediglich die Beseitigung ungewollter Unsch\u00e4rfen oder farblicher Schw\u00e4chen mittels elektronischer Retusche.<\/p>\n<p>5.4. Bei jeder Bildver\u00f6ffentlichung ist der Bildautor als Urheber zu benennen. Die Benennung muss beim Bild bzw. in einer geeigneten Form erfolgen, welche die eindeutige Zuordnung zum Bild nachvollziehbar erm\u00f6glicht.<\/p>\n<p>5.5. Die \u00dcbertragung der Nutzungsrechte erfolgt erst nach Erhalt der vollst\u00e4ndigen und uneingeschr\u00e4nkten Honorarzahlung.<\/p>\n<p>5.6. Die Nutzungsrechte k\u00f6nnen versagt werden wenn Punkt 1.4. der AGB zutrifft. In diesem Fall k\u00f6nnen die Nutzungsrechte auch im Nachhinein ohne Anspruch auf R\u00fcckzahlung des Nutzungshonorar versagt werden, da dies eine Vertragsverletzung von Seiten des Nutzers\/Auftraggebers darstellt.<br>Der Bildautor beh\u00e4lt sich in diesem Fall, f\u00fcr den entstandenen Imageschaden und eventuell daraus resultierende Folgekosten, die nachtr\u00e4gliche Berechnung eines weiteren Entsch\u00e4digungshonorars vor.<\/p>\n<ol start=\"6\">\n<li><strong> Digitale Bildverarbeitung<\/strong><\/li>\n<\/ol>\n<p>6.1. Bilddaten d\u00fcrfen nur f\u00fcr die eigenen Zwecke des Auftraggebers und nur f\u00fcr die Dauer des Nutzungsrechts digital archiviert werden. Die Speicherung der Bilddaten in Online-Datenbanken oder sonstigen digitalen Archiven, die Dritten zug\u00e4nglich sind, bedarf einer gesonderten Vereinbarung zwischen dem Bildautor und dem Auftraggeber.<\/p>\n<p>6.3. Bei der digitalen Erfassung der Bilder muss der Name des Bildautors mit den Bilddaten elektronisch verkn\u00fcpft werden. Der Auftraggeber hat au\u00dferdem durch geeignete technische Vorkehrungen sicherzustellen, dass diese Verkn\u00fcpfung bei jeder Daten\u00fcbermittlung, bei der \u00dcbertragung der Bilddaten auf andere Datentr\u00e4ger, bei der Wiedergabe auf einem Bildschirm sowie bei jeder \u00f6ffentlichen Wiedergabe erhalten bleibt und der Bildautor jederzeit als Urheber der Bilder identifiziert werden kann.<\/p>\n<ol start=\"7\">\n<li><strong><br>Schutzrechte Dritter<\/strong><\/li>\n<\/ol>\n<p>7.1. Sofern nicht der Bildautor ausdr\u00fccklich zusichert, dass abgelichtete Personen oder die Inhaber der Rechte an abgelichteten Werken der bildenden oder angewandten Kunst die Einwilligung zu einer Bildver\u00f6ffentlichung erteilt haben, obliegt die Einholung der im Einzelfall notwendigen Einwilligung Dritter oder die Erwirkung von Ver\u00f6ffentlichungsgenehmigungen bei Sammlungen, Museen, etc. dem Auftraggeber.<\/p>\n<p>7.2. Der Bildautor \u00fcbernimmt keine Haftung f\u00fcr die Art der Nutzung seiner Bilder. Der Auftraggeber ist daf\u00fcr verantwortlich, dass durch die Art der Nutzung keine Pers\u00f6nlichkeitsrechte, Urheberrechte oder sonstigen Rechte Dritter verletzt werden.<\/p>\n<ol start=\"8\">\n<li><strong> Haftung und Schadensersatz<\/strong><\/li>\n<\/ol>\n<p>8.1. Der Bildautor haftet nur f\u00fcr Sch\u00e4den, die er selbst oder seine Erf\u00fcllungsgehilfen vors\u00e4tzlich oder grob fahrl\u00e4ssig herbeif\u00fchren. Das gilt auch f\u00fcr Sch\u00e4den, die aus einer positiven Vertragsverletzung oder einer unerlaubten Handlung resultieren.<\/p>\n<p>8.2. Bei unberechtigter Nutzung, Ver\u00e4nderung, Umgestaltung oder Wiedergabe eines Bildes \u2013 egal ob in herk\u00f6mmlicher oder digitaler Form \u2013 ist der Bildautor berechtigt, eine Vertragsstrafe in H\u00f6he des f\u00fcnffachen vereinbarten oder, mangels Vereinbarung, des f\u00fcnffachen \u00fcblichen Nutzungshonorars zu fordern, mindestens jedoch 500,00 Euro pro Bild und Einzelfall. Die Geltendmachung eines weitergehenden Schadensersatzanspruchs bleibt hiervon unber\u00fchrt.<\/p>\n<p>8.5. Unterbleibt bei einer Bildver\u00f6ffentlichung die Benennung des Bildautors (Ziffer 5.4.) oder wird der Name des Bildautors mit dem digitalen Bild nicht dauerhaft verkn\u00fcpft (Ziffer 6.3.), so hat der Auftraggeber eine Vertragsstrafe in H\u00f6he von 100% des vereinbarten oder, mangels Vereinbarung, des \u00fcblichen Nutzungshonorars zu zahlen, mindestens jedoch 200,00 Euro pro Bild und Einzelfall. Dem Bildautor bleibt auch insoweit die Geltendmachung eines weitergehenden Schadensersatzanspruchs vorbehalten.<\/p>\n<ol start=\"9\">\n<li><strong> Mehrwertsteuer<\/strong><\/li>\n<\/ol>\n<p>Zu den vom Auftraggeber zu zahlenden Honoraren, Geb\u00fchren und Kosten kommt die Mehrwertsteuer in der jeweiligen gesetzlichen H\u00f6he hinzu.<\/p>\n<ol start=\"10\">\n<li><strong> Rechtswirksamkeit, Statut und Gerichtsstand<\/strong><\/li>\n<\/ol>\n<p>10.1.1. Die Nichtigkeit oder Unwirksamkeit einzelner AGB-Bestimmungen ber\u00fchrt die G\u00fcltigkeit der \u00fcbrigen Bestimmungen nicht.<\/p>\n<p>10.1.2. Es gilt immer der in der deutschen Originalfassung vorliegende Text der AGBs.<\/p>\n<p>10.2.1. Es gilt das Recht der Bundesrepublik Deutschland.<\/p>\n<p>10.2.2. F\u00fcr den Fall, dass der Auftraggeber keinen allgemeinen Gerichtsstand in der Bundesrepublik Deutschland hat oder seinen Sitz oder gew\u00f6hnlichen Aufenthalt nach Vertragsabschlu\u00df ins Ausland verlegt, wird der Wohnsitz des Bildautors als Gerichtsstand vereinbart.<\/p>\t\t\t\t\t\t\t\t<\/div>\n\t\t\t\t\t<\/div>\n\t\t\t\t<\/div>\n\t\t\t\t<\/div>\n\t\t","protected":false},"excerpt":{"rendered":"<p>Allgemeine Gesch\u00e4ftsbedingungen Geltung der Gesch\u00e4ftsbedingungen 1.1. Die Produktion von Bildern und die Erteilung von Bildlizenzen erfolgt ausschlie\u00dflich aufgrund nachstehender Gesch\u00e4ftsbedingungen (AGB). Diese Bedingungen gelten auch f\u00fcr alle k\u00fcnftigen Produktions- und Lizenzvertr\u00e4ge, sofern nicht ausdr\u00fccklich abweichende Regelungen vereinbart werden. 1.2. Gesch\u00e4ftsbedingungen des Auftraggebers, die von den nachstehenden Bedingungen abweichen, werden nicht &hellip;<\/p>\n","protected":false},"author":1,"featured_media":0,"parent":0,"menu_order":0,"comment_status":"closed","ping_status":"closed","template":"elementor_header_footer","meta":{"footnotes":""},"class_list":["post-72","page","type-page","status-publish","hentry"],"_links":{"self":[{"href":"https:\/\/eartphoto.synology.me\/archiv\/index.php?rest_route=\/wp\/v2\/pages\/72","targetHints":{"allow":["GET"]}}],"collection":[{"href":"https:\/\/eartphoto.synology.me\/archiv\/index.php?rest_route=\/wp\/v2\/pages"}],"about":[{"href":"https:\/\/eartphoto.synology.me\/archiv\/index.php?rest_route=\/wp\/v2\/types\/page"}],"author":[{"embeddable":true,"href":"https:\/\/eartphoto.synology.me\/archiv\/index.php?rest_route=\/wp\/v2\/users\/1"}],"replies":[{"embeddable":true,"href":"https:\/\/eartphoto.synology.me\/archiv\/index.php?rest_route=%2Fwp%2Fv2%2Fcomments&post=72"}],"version-history":[{"count":10,"href":"https:\/\/eartphoto.synology.me\/archiv\/index.php?rest_route=\/wp\/v2\/pages\/72\/revisions"}],"predecessor-version":[{"id":90,"href":"https:\/\/eartphoto.synology.me\/archiv\/index.php?rest_route=\/wp\/v2\/pages\/72\/revisions\/90"}],"wp:attachment":[{"href":"https:\/\/eartphoto.synology.me\/archiv\/index.php?rest_route=%2Fwp%2Fv2%2Fmedia&parent=72"}],"curies":[{"name":"wp","href":"https:\/\/api.w.org\/{rel}","templated":true}]}}